{"id":5425,"date":"2021-09-17T11:20:41","date_gmt":"2021-09-17T09:20:41","guid":{"rendered":"https:\/\/s-mania.si\/izdelek\/vadbeni-pas-sweatler\/"},"modified":"2024-01-30T13:41:24","modified_gmt":"2024-01-30T12:41:24","slug":"vadbeni-pas-sweatler","status":"publish","type":"product","link":"https:\/\/megapelican.com\/si\/izdelek\/vadbeni-pas-sweatler\/","title":{"rendered":"Vadbeni pas Sweatler"},"content":{"rendered":"<div class=\"smania_landing_description_title\">Novo! Vadbeni pas Sweatler<\/div>\n<div class=\"smania_landing_description_txt\">Preznojite se!<\/div>\n<div class=\"smania_landing_description_subtitle\">Z uporabo vadbenega pasu Sweatler v kombinaciji s pravilno vadbo in prehrano zlahka dose\u017eete vse svoje #fitness cilje! Pas pove\u010da znojenje v predelu trebuha in vam tako lahko pomaga pri oblikovanju postave v kraj\u0161em \u010dasu.<\/div>\n<div class=\"smania_landing_description_list\">\n<ul>\n<li>Lahko izbolj\u0161a va\u0161 napredek pri doseganju fitnes ciljev<\/li>\n<li>Udoben in raztegljiv material<\/li>\n<li>Uniseks zasnova, ki se prilega razli\u010dnim velikostim <\/li>\n<li>Najbolje deluje v kombinaciji z vadbo in pravilno prehrano<\/li>\n<li>Popolnoma neopazen pod obla\u010dili<\/li>\n<\/ul><\/div>\n","protected":false},"excerpt":{"rendered":"<p>Primeren za mo\u0161ke in \u017eenske|Lahko vam pomaga hitreje dose\u010di cilje|Zagotavlja podporo hrbtu med vadbo|Raztegljiv in udoben za no\u0161enje|Material: najlon, poliester|Velikost: 107,5 \u00d7 20,5 cm<\/p>\n","protected":false},"featured_media":31405,"template":"","meta":{"_acf_changed":false},"product_cat":[21,888],"product_tag":[307],"acf":[],"_links":{"self":[{"href":"https:\/\/megapelican.com\/si\/wp-json\/wp\/v2\/product\/5425"}],"collection":[{"href":"https:\/\/megapelican.com\/si\/wp-json\/wp\/v2\/product"}],"about":[{"href":"https:\/\/megapelican.com\/si\/wp-json\/wp\/v2\/types\/product"}],"wp:featuredmedia":[{"embeddable":true,"href":"https:\/\/megapelican.com\/si\/wp-json\/wp\/v2\/media\/31405"}],"wp:attachment":[{"href":"https:\/\/megapelican.com\/si\/wp-json\/wp\/v2\/media?parent=5425"}],"wp:term":[{"taxonomy":"product_cat","embeddable":true,"href":"https:\/\/megapelican.com\/si\/wp-json\/wp\/v2\/product_cat?post=5425"},{"taxonomy":"product_tag","embeddable":true,"href":"https:\/\/megapelican.com\/si\/wp-json\/wp\/v2\/product_tag?post=5425"}],"curies":[{"name":"wp","href":"https:\/\/api.w.org\/{rel}","templated":true}]}}