{"id":5396,"date":"2021-09-17T11:17:50","date_gmt":"2021-09-17T09:17:50","guid":{"rendered":"https:\/\/s-mania.si\/izdelek\/trakovi-za-vadbo-trebusnih-misic-homegym\/"},"modified":"2024-02-21T13:06:03","modified_gmt":"2024-02-21T12:06:03","slug":"trakovi-za-vadbo-trebusnih-misic-homegym","status":"publish","type":"product","link":"https:\/\/megapelican.com\/si\/izdelek\/trakovi-za-vadbo-trebusnih-misic-homegym\/","title":{"rendered":"Trakovi za vadbo trebu\u0161nih mi\u0161ic HomeGym"},"content":{"rendered":"<div class=\"smania_landing_description_title\">NOVO! Trakovi za vadbo trebu\u0161nih mi\u0161ic HomeGym<\/div>\n<div class=\"smania_landing_description_txt\">Do izrazitih mi\u0161ic v zelo kratkem \u010dasu!<\/div>\n<div class=\"smania_landing_description_subtitle\">Priti v formo zahteva od vas veliko \u010dasa in dobro mero discipline. Trakovi za vadbo trebu\u0161nih mi\u0161ic HomeGym nudijo enostaven na\u010din vadbe, ki privede do izrazitih mi\u0161ic v zelo kratkem \u010dasu, in to v udobju va\u0161ega doma!<\/div>\n<div class=\"smania_landing_description_list\">\n<ul>\n<li>Med vadbo razbremenijo va\u0161e sklepe<\/li>\n<li>Debela podloga za udobno uporabo<\/li>\n<li>Mo\u010dni in zanesljivi karabini za enostavno pripenjanje<\/li>\n<li>\u010cvrsti in vzdr\u017eljivi trakovi, ki zanesljivo nosijo breme<\/li>\n<li>Vzemite jih s seboj in nikoli ne presko\u010dite dneva vadbe<\/li>\n<\/ul><\/div>\n","protected":false},"excerpt":{"rendered":"<p>Razbremenijo va\u0161e sklepe|Popoln pripomo\u010dek za vadbo zgornjega dela telesa|Z lahkoto jih pripnete na vsak dovolj mo\u010dan drog|Nosilnost: 150 kg|Velikost: 50 \u00d7 19 cm|Material: poliester, najlon, kovina|Paket vsebuje: 1 par trakov z dvema karabinoma<\/p>\n","protected":false},"featured_media":33441,"template":"","meta":{"_acf_changed":false},"product_cat":[21,888],"product_tag":[307],"acf":[],"_links":{"self":[{"href":"https:\/\/megapelican.com\/si\/wp-json\/wp\/v2\/product\/5396"}],"collection":[{"href":"https:\/\/megapelican.com\/si\/wp-json\/wp\/v2\/product"}],"about":[{"href":"https:\/\/megapelican.com\/si\/wp-json\/wp\/v2\/types\/product"}],"wp:featuredmedia":[{"embeddable":true,"href":"https:\/\/megapelican.com\/si\/wp-json\/wp\/v2\/media\/33441"}],"wp:attachment":[{"href":"https:\/\/megapelican.com\/si\/wp-json\/wp\/v2\/media?parent=5396"}],"wp:term":[{"taxonomy":"product_cat","embeddable":true,"href":"https:\/\/megapelican.com\/si\/wp-json\/wp\/v2\/product_cat?post=5396"},{"taxonomy":"product_tag","embeddable":true,"href":"https:\/\/megapelican.com\/si\/wp-json\/wp\/v2\/product_tag?post=5396"}],"curies":[{"name":"wp","href":"https:\/\/api.w.org\/{rel}","templated":true}]}}