{"id":5376,"date":"2021-09-17T11:16:57","date_gmt":"2021-09-17T09:16:57","guid":{"rendered":"https:\/\/s-mania.si\/izdelek\/elasticna-prevleka-za-stol-sitandstay\/"},"modified":"2024-03-11T17:54:35","modified_gmt":"2024-03-11T16:54:35","slug":"elasticna-prevleka-za-stol-sitandstay","status":"publish","type":"product","link":"https:\/\/megapelican.com\/si\/izdelek\/elasticna-prevleka-za-stol-sitandstay\/","title":{"rendered":"Elasti\u010dna prevleka za stol SitAndStay"},"content":{"rendered":"<div class=\"smania_landing_description_title\">Popolnoma novo! Elasti\u010dna prevleka za stol SitAndStay<\/div>\n<div class=\"smania_landing_description_txt\">Za\u0161\u010ditite stole pred made\u017ei!<\/div>\n<div class=\"smania_landing_description_subtitle\">Stoli so pogosto izpostavljeni made\u017eem in so mesto, kjer se bakterije rade namno\u017eijo. S SitAndStay elasti\u010dno prevleko, bo va\u0161 stol ostal \u010dist in kot nov, hkrati pa bo va\u0161 prostor videti bolj lep in urejen!<\/div>\n<div class=\"smania_landing_description_list\">\n<ul>\n<li>Zagotavlja za\u0161\u010dito, prakti\u010dnost in udobje<\/li>\n<li>Stolu daje nov posodobljen videz<\/li>\n<li>Brez trakov in odporna proti zdrsu z elasti\u010dnim dnom<\/li>\n<li>Enostavna in hitra namestitev in odstranitev<\/li>\n<li>Preprosta nega in vzdr\u017eevanje \u2013 primerna za pranje v pralnem stroju<\/li>\n<\/ul><\/div>\n","protected":false},"excerpt":{"rendered":"<p>Raztegljiva in prilagodljiva|Da va\u0161emu stolu nov videz|\u0160\u010diti pred razlitimi teko\u010dinami in made\u017ei|Vodoodbojna|Se ne me\u010dka in je vzdr\u017eljiva|\u0160iroka mo\u017enost uporabe|Za dimenzije: <br \/>Vi\u0161ina hrbta: 45\u201360 cm <br \/>Dol\u017eina sede\u017ea: 38\u201347 cm <br \/>\u0160irina sede\u017ea: 38\u201347 cm <\/p>\n","protected":false},"featured_media":71675,"template":"","meta":{"_acf_changed":false},"product_cat":[16],"product_tag":[255],"acf":[],"_links":{"self":[{"href":"https:\/\/megapelican.com\/si\/wp-json\/wp\/v2\/product\/5376"}],"collection":[{"href":"https:\/\/megapelican.com\/si\/wp-json\/wp\/v2\/product"}],"about":[{"href":"https:\/\/megapelican.com\/si\/wp-json\/wp\/v2\/types\/product"}],"wp:featuredmedia":[{"embeddable":true,"href":"https:\/\/megapelican.com\/si\/wp-json\/wp\/v2\/media\/71675"}],"wp:attachment":[{"href":"https:\/\/megapelican.com\/si\/wp-json\/wp\/v2\/media?parent=5376"}],"wp:term":[{"taxonomy":"product_cat","embeddable":true,"href":"https:\/\/megapelican.com\/si\/wp-json\/wp\/v2\/product_cat?post=5376"},{"taxonomy":"product_tag","embeddable":true,"href":"https:\/\/megapelican.com\/si\/wp-json\/wp\/v2\/product_tag?post=5376"}],"curies":[{"name":"wp","href":"https:\/\/api.w.org\/{rel}","templated":true}]}}