{"id":48573,"date":"2023-01-16T07:56:18","date_gmt":"2023-01-16T06:56:18","guid":{"rendered":"https:\/\/s-mania.si\/izdelek\/trikotni-noz-za-sadje-delishape\/"},"modified":"2023-10-25T20:36:22","modified_gmt":"2023-10-25T18:36:22","slug":"trikotni-noz-za-sadje-delishape","status":"publish","type":"product","link":"https:\/\/megapelican.com\/si\/izdelek\/trikotni-noz-za-sadje-delishape\/","title":{"rendered":"Trikotni no\u017e za sadje DeliShape"},"content":{"rendered":"<div class=\"smania_landing_description_title\">Novo! Trikotni no\u017e za sadje DeliShape<\/div>\n<div class=\"smania_landing_description_txt\">Prepustite se ustvarjalnim domislicam!<\/div>\n<div class=\"smania_landing_description_subtitle\">Z no\u017eem DeliShape nare\u017eite vse vrste sadja na enakomerno velike rezine ter dru\u017eini in gostom ponudite \u010dudovit sadni kro\u017enik ali slastno sadno solato, ki jim bo polep\u0161ala dan. No\u017e za sadje je izjemno enostaven za uporabo, odlikuje ga ostro rezilo ter zagotavlja odli\u010dne rezultate!<\/div>\n<div class=\"smania_landing_description_list\">\n<ul>\n<li>Ostro in trpe\u017eno rezilo za natan\u010dno rezanje<\/li>\n<li>Primeren za razli\u010dno sadje in zelenjavo<\/li>\n<li>Udoben ergonomsko oblikovan ro\u010daj<\/li>\n<li>Zagotavlja vrhunsko odpornost proti rji<\/li>\n<li>Izdelano iz vrhunskega \u017eivilskega nerjave\u010dega jekla<\/li>\n<\/ul><\/div>\n","protected":false},"excerpt":{"rendered":"<p>Ostro trikotno rezilo|Ergonomski ro\u010daj|Primeren za rezanje in lupljenje|Natan\u010dne in enakomerne rezine|Enostaven za uporabo|Odporen na rjo|Trpe\u017een in vzdr\u017eljiv|Primeren za pomivanje v pomivalnem stroju|Dimenzije: 24 \u00d7 6 cm|Material: 430 nerjave\u010de jeklo<\/p>\n","protected":false},"featured_media":48563,"template":"","meta":{"_acf_changed":false},"product_cat":[223],"product_tag":[254],"acf":[],"_links":{"self":[{"href":"https:\/\/megapelican.com\/si\/wp-json\/wp\/v2\/product\/48573"}],"collection":[{"href":"https:\/\/megapelican.com\/si\/wp-json\/wp\/v2\/product"}],"about":[{"href":"https:\/\/megapelican.com\/si\/wp-json\/wp\/v2\/types\/product"}],"wp:featuredmedia":[{"embeddable":true,"href":"https:\/\/megapelican.com\/si\/wp-json\/wp\/v2\/media\/48563"}],"wp:attachment":[{"href":"https:\/\/megapelican.com\/si\/wp-json\/wp\/v2\/media?parent=48573"}],"wp:term":[{"taxonomy":"product_cat","embeddable":true,"href":"https:\/\/megapelican.com\/si\/wp-json\/wp\/v2\/product_cat?post=48573"},{"taxonomy":"product_tag","embeddable":true,"href":"https:\/\/megapelican.com\/si\/wp-json\/wp\/v2\/product_tag?post=48573"}],"curies":[{"name":"wp","href":"https:\/\/api.w.org\/{rel}","templated":true}]}}