{"id":4819,"date":"2021-09-17T10:38:59","date_gmt":"2021-09-17T08:38:59","guid":{"rendered":"https:\/\/s-mania.si\/izdelek\/zlozljivo-stojalo-za-prenosnik-lappybase\/"},"modified":"2024-03-10T10:36:59","modified_gmt":"2024-03-10T09:36:59","slug":"zlozljivo-stojalo-za-prenosnik-lappybase","status":"publish","type":"product","link":"https:\/\/megapelican.com\/si\/izdelek\/zlozljivo-stojalo-za-prenosnik-lappybase\/","title":{"rendered":"Zlo\u017eljivo stojalo za prenosnik LappyBase"},"content":{"rendered":"<div class=\"smania_landing_description_title\">PRAKTI\u010cNO! Zlo\u017eljivo stojalo za prenosnik LappyBase<\/div>\n<div class=\"smania_landing_description_txt\">Pretvorite svoj prenosnik v minimalisti\u010dno namizno delovno postajo!<\/div>\n<div class=\"smania_landing_description_subtitle\">Ergonomsko oblikovano z nastavljivo vi\u0161ino za udoben polo\u017eaj, ki prepre\u010duje bole\u010dine v hrbtu, vratu ali zapestju!<\/div>\n<div class=\"smania_landing_description_list\">\n<ul>\n<li>Protizdrsna silikonska podloga \u0161\u010diti napravo pred praskami in drsenjem<\/li>\n<li>Stabilna in trdna struktura s trikotno namestitvijo<\/li>\n<li>Raz\u0161irjene noge zagotavljajo mo\u010dno nosilnost do 20 kg<\/li>\n<li>Zlo\u017eljiva oblika za la\u017eje shranjevanje in prena\u0161anje<\/li>\n<li>Primerno za 10\u201315,6-pal\u010dne prenosnike in tablice<\/li>\n<\/ul><\/div>\n","protected":false},"excerpt":{"rendered":"<p>Votlo dno za odvajanje toplote|Prenosljiv in zlo\u017eljiv|Protizdrsno silikonsko dno|Nastavljiva vi\u0161ina|Preprosta minimalisti\u010dna oblika|Material: ABS in aluminijeva zlitina|Dimenzije zlo\u017eenega stojala: 260 \u00d7 60 mm|Dimenzije nezlo\u017eenega stojala: 260 \u00d7 196 mm<\/p>\n","protected":false},"featured_media":37102,"template":"","meta":{"_acf_changed":false},"product_cat":[885,23],"product_tag":[263],"acf":[],"_links":{"self":[{"href":"https:\/\/megapelican.com\/si\/wp-json\/wp\/v2\/product\/4819"}],"collection":[{"href":"https:\/\/megapelican.com\/si\/wp-json\/wp\/v2\/product"}],"about":[{"href":"https:\/\/megapelican.com\/si\/wp-json\/wp\/v2\/types\/product"}],"wp:featuredmedia":[{"embeddable":true,"href":"https:\/\/megapelican.com\/si\/wp-json\/wp\/v2\/media\/37102"}],"wp:attachment":[{"href":"https:\/\/megapelican.com\/si\/wp-json\/wp\/v2\/media?parent=4819"}],"wp:term":[{"taxonomy":"product_cat","embeddable":true,"href":"https:\/\/megapelican.com\/si\/wp-json\/wp\/v2\/product_cat?post=4819"},{"taxonomy":"product_tag","embeddable":true,"href":"https:\/\/megapelican.com\/si\/wp-json\/wp\/v2\/product_tag?post=4819"}],"curies":[{"name":"wp","href":"https:\/\/api.w.org\/{rel}","templated":true}]}}