{"id":4745,"date":"2021-09-17T10:30:28","date_gmt":"2021-09-17T08:30:28","guid":{"rendered":"https:\/\/s-mania.si\/izdelek\/led-luci-za-pohistvo-shinebright\/"},"modified":"2024-10-28T10:05:32","modified_gmt":"2024-10-28T09:05:32","slug":"led-luci-za-pohistvo-shinebright","status":"publish","type":"product","link":"https:\/\/megapelican.com\/si\/izdelek\/led-luci-za-pohistvo-shinebright\/","title":{"rendered":"LED lu\u010di za pohi\u0161tvo ShineBright"},"content":{"rendered":"<div class=\"smania_landing_description_title\">Novo! LED lu\u010di za pohi\u0161tvo ShineBright<\/div>\n<div class=\"smania_landing_description_txt\">Sijajna preprostost v svetu svetil!<\/div>\n<div class=\"smania_landing_description_subtitle\">Od preproste namestitve do \u010dudovite osvetlitve \u2013 ta komplet LED lu\u010di z daljinskim upravljalnikom je popolna re\u0161itev za osvetlitev va\u0161ega doma.<\/div>\n<div class=\"smania_landing_description_list\">\n<ul>\n<li>Priro\u010den in \u0161iroko uporaben izdelek<\/li>\n<li>Enostavna namestitev<\/li>\n<li>Izjemno nizka poraba energije<\/li>\n<li>Nastavljiva svetlost in funkcija \u010dasovnika<\/li>\n<li>Vklju\u010dno z daljinskim upravljalnikom<\/li>\n<\/ul><\/div>\n","protected":false},"excerpt":{"rendered":"<p>Enostavna in priro\u010dna namestitev|\u0160iroka in vsestranska uporaba|Delovanje lu\u010di: 3 \u00d7 AAA baterija (ni prilo\u017eeno)|Delovanje daljinskega upravljalnika: 2 \u00d7 AAA baterija (ni prilo\u017eeno)|Mo\u010d osvetlitve: 150 lumnov|Napetost: 4,5 V|Mo\u010d: 3 W|Doseg daljinskega upravljalnika: 5 m<\/p>\n","protected":false},"featured_media":40171,"template":"","meta":{"_acf_changed":false},"product_cat":[23,887],"product_tag":[262],"acf":[],"_links":{"self":[{"href":"https:\/\/megapelican.com\/si\/wp-json\/wp\/v2\/product\/4745"}],"collection":[{"href":"https:\/\/megapelican.com\/si\/wp-json\/wp\/v2\/product"}],"about":[{"href":"https:\/\/megapelican.com\/si\/wp-json\/wp\/v2\/types\/product"}],"wp:featuredmedia":[{"embeddable":true,"href":"https:\/\/megapelican.com\/si\/wp-json\/wp\/v2\/media\/40171"}],"wp:attachment":[{"href":"https:\/\/megapelican.com\/si\/wp-json\/wp\/v2\/media?parent=4745"}],"wp:term":[{"taxonomy":"product_cat","embeddable":true,"href":"https:\/\/megapelican.com\/si\/wp-json\/wp\/v2\/product_cat?post=4745"},{"taxonomy":"product_tag","embeddable":true,"href":"https:\/\/megapelican.com\/si\/wp-json\/wp\/v2\/product_tag?post=4745"}],"curies":[{"name":"wp","href":"https:\/\/api.w.org\/{rel}","templated":true}]}}