{"id":34496,"date":"2022-10-11T13:25:56","date_gmt":"2022-10-11T11:25:56","guid":{"rendered":"https:\/\/s-mania.si\/izdelek\/torba-za-dokumente-docsafe\/"},"modified":"2024-02-23T22:56:56","modified_gmt":"2024-02-23T21:56:56","slug":"torba-za-dokumente-docsafe","status":"publish","type":"product","link":"https:\/\/megapelican.com\/si\/izdelek\/torba-za-dokumente-docsafe\/","title":{"rendered":"Torba za dokumente DocSafe"},"content":{"rendered":"<div class=\"smania_landing_description_title\">NOVO! Torba za dokumente DocSafe<\/div>\n<div class=\"smania_landing_description_txt\">Za\u0161\u010ditite pomembne dokumente!<\/div>\n<div class=\"smania_landing_description_subtitle\">V zasebnem \u017eivljenju ali v poslovnem svetu, papirnati dokumenti ostajajo pomemben del na\u0161ega \u017eivljenja. Za\u0161\u010ditna in shranjevalna torba za dokumente DocSafe bo poskrbela, da bodo va\u0161i dokumenti organizirani in hkrati za\u0161\u010diteni kot morajo biti.<\/div>\n<div class=\"smania_landing_description_list\">\n<ul>\n<li>Ve\u010dplastni organizator z odstranljivimi plastmi <\/li>\n<li>Razli\u010dni predelki za shranjevanje vseh va\u0161ih dokumentov<\/li>\n<li>Visokokakovosten, trpe\u017een in vodoodporen material<\/li>\n<li>3-\u0161tevil\u010dna varnostna klju\u010davnica za dodatno za\u0161\u010dito<\/li>\n<li>Odli\u010dno za kartice, potne liste, A4 liste, fotografije in ve\u010d<\/li>\n<\/ul><\/div>\n","protected":false},"excerpt":{"rendered":"<p>3-\u0161tevil\u010dna varnostna klju\u010davnica|Priro\u010den pritrdilni trak za kov\u010dek |Prakti\u010den ro\u010daj za no\u0161enje|Gladko teko\u010da zadrga|4 snemljive plasti|Izbirajte med razli\u010dnimi barvami|Dimenzije: 37 \u00d7 27 \u00d7 20 cm|Material: tkanina Oxford<\/p>\n","protected":false},"featured_media":71244,"template":"","meta":{"_acf_changed":false},"product_cat":[16],"product_tag":[305],"acf":[],"_links":{"self":[{"href":"https:\/\/megapelican.com\/si\/wp-json\/wp\/v2\/product\/34496"}],"collection":[{"href":"https:\/\/megapelican.com\/si\/wp-json\/wp\/v2\/product"}],"about":[{"href":"https:\/\/megapelican.com\/si\/wp-json\/wp\/v2\/types\/product"}],"wp:featuredmedia":[{"embeddable":true,"href":"https:\/\/megapelican.com\/si\/wp-json\/wp\/v2\/media\/71244"}],"wp:attachment":[{"href":"https:\/\/megapelican.com\/si\/wp-json\/wp\/v2\/media?parent=34496"}],"wp:term":[{"taxonomy":"product_cat","embeddable":true,"href":"https:\/\/megapelican.com\/si\/wp-json\/wp\/v2\/product_cat?post=34496"},{"taxonomy":"product_tag","embeddable":true,"href":"https:\/\/megapelican.com\/si\/wp-json\/wp\/v2\/product_tag?post=34496"}],"curies":[{"name":"wp","href":"https:\/\/api.w.org\/{rel}","templated":true}]}}