{"id":2775,"date":"2021-09-03T12:32:58","date_gmt":"2021-09-03T10:32:58","guid":{"rendered":"https:\/\/s-mania.si\/izdelek\/mini-sekljalnik-ezchop\/"},"modified":"2024-03-02T15:31:35","modified_gmt":"2024-03-02T14:31:35","slug":"mini-sekljalnik-ezchop","status":"publish","type":"product","link":"https:\/\/megapelican.com\/si\/izdelek\/mini-sekljalnik-ezchop\/","title":{"rendered":"Mini sekljalnik EzChop"},"content":{"rendered":"<div class=\"smania_landing_description_title\">Novo! Mini sekljalnik EzChop<\/div>\n<div class=\"smania_landing_description_txt\">Hitro in u\u010dinkovito sesekljajte katerokoli sestavino!<\/div>\n<div class=\"smania_landing_description_subtitle\">Ne skrbite za svoje spretnosti v kuhinji in uporabite neverjeten mini sekljalnik EzChop. Vse sestavine seseklja drobno in hitro, kjerkoli boste \u017eeleli. <\/div>\n<div class=\"smania_landing_description_list\">\n<ul>\n<li>Prenosen in primeren za uporabo tudi izven doma<\/li>\n<li>Prostornina posodice je 250 ml<\/li>\n<li>Ostra in trpe\u017ena rezila za popolno sekanje<\/li>\n<li>Neverjetno enostaven za uporabo in \u010di\u0161\u010denje<\/li>\n<\/ul><\/div>\n","protected":false},"excerpt":{"rendered":"<p>Brez\u017ei\u010dno delovanje|Prilo\u017een USB polnilni kabel|Zelo enostaven za uporabo|Drobno naseklja zelenjavo in tudi meso |Je prenosljiv in zavzame malo prostora |Prostornina: 250 ml|Material: ABS|Velikost: 9,7 \u00d7 8,7 cm<\/p>\n","protected":false},"featured_media":32130,"template":"","meta":{"_acf_changed":false},"product_cat":[886,223],"product_tag":[573],"acf":[],"_links":{"self":[{"href":"https:\/\/megapelican.com\/si\/wp-json\/wp\/v2\/product\/2775"}],"collection":[{"href":"https:\/\/megapelican.com\/si\/wp-json\/wp\/v2\/product"}],"about":[{"href":"https:\/\/megapelican.com\/si\/wp-json\/wp\/v2\/types\/product"}],"wp:featuredmedia":[{"embeddable":true,"href":"https:\/\/megapelican.com\/si\/wp-json\/wp\/v2\/media\/32130"}],"wp:attachment":[{"href":"https:\/\/megapelican.com\/si\/wp-json\/wp\/v2\/media?parent=2775"}],"wp:term":[{"taxonomy":"product_cat","embeddable":true,"href":"https:\/\/megapelican.com\/si\/wp-json\/wp\/v2\/product_cat?post=2775"},{"taxonomy":"product_tag","embeddable":true,"href":"https:\/\/megapelican.com\/si\/wp-json\/wp\/v2\/product_tag?post=2775"}],"curies":[{"name":"wp","href":"https:\/\/api.w.org\/{rel}","templated":true}]}}