{"id":27733,"date":"2022-06-16T10:46:52","date_gmt":"2022-06-16T08:46:52","guid":{"rendered":"https:\/\/s-mania.si\/izdelek\/vrtni-palcek-moonie\/"},"modified":"2025-10-23T20:48:40","modified_gmt":"2025-10-23T18:48:40","slug":"vrtni-palcek-moonie","status":"publish","type":"product","link":"https:\/\/megapelican.com\/si\/izdelek\/vrtni-palcek-moonie\/","title":{"rendered":"Vrtni pal\u010dek Moonie"},"content":{"rendered":"<div class=\"smania_landing_description_title\">Zabavno! Vrtni pal\u010dek Moonie<\/div>\n<div class=\"smania_landing_description_txt\">Spoznajte novega \u010dlana va\u0161e dru\u017eine vrtnih pal\u010dkov!<\/div>\n<div class=\"smania_landing_description_subtitle\">Nagajivi vrtni pal\u010dek Moonie bo va\u0161im gostom izrekel dobrodo\u0161lico, ki je ne bodo pozabili! Svojim sosedom poka\u017eite, kdo v va\u0161i ulici ima najbolj\u0161i smisel za humor.<\/div>\n<div class=\"smania_landing_description_list\">\n<ul>\n<li>Zabavna dekoracija, ki bo nasmejala va\u0161e goste<\/li>\n<li>Narejen iz trpe\u017ene smole<\/li>\n<li>Ro\u010dno barvan in odporen proti UV \u017earkom<\/li>\n<li>Lepe linije in \u017eivahne barve<\/li>\n<li>Odli\u010dno vselitveno darilo<\/li>\n<\/ul><\/div>\n","protected":false},"excerpt":{"rendered":"<p>Odli\u010den notranji ali zunanji okras|Mehke linije in \u017eivahne barve|Simpati\u010den dodatek k va\u0161i zbirki pal\u010dkov|Za vse, ki imate hudomu\u0161ni smisel za humor|Ro\u010dno barvan|Material: smola|Velikost: 13,8 \u00d7 15 cm|Te\u017ea: 196 g<\/p>\n","protected":false},"featured_media":83921,"template":"","meta":{"_acf_changed":false},"product_cat":[1396],"product_tag":[1428],"acf":[],"_links":{"self":[{"href":"https:\/\/megapelican.com\/si\/wp-json\/wp\/v2\/product\/27733"}],"collection":[{"href":"https:\/\/megapelican.com\/si\/wp-json\/wp\/v2\/product"}],"about":[{"href":"https:\/\/megapelican.com\/si\/wp-json\/wp\/v2\/types\/product"}],"wp:featuredmedia":[{"embeddable":true,"href":"https:\/\/megapelican.com\/si\/wp-json\/wp\/v2\/media\/83921"}],"wp:attachment":[{"href":"https:\/\/megapelican.com\/si\/wp-json\/wp\/v2\/media?parent=27733"}],"wp:term":[{"taxonomy":"product_cat","embeddable":true,"href":"https:\/\/megapelican.com\/si\/wp-json\/wp\/v2\/product_cat?post=27733"},{"taxonomy":"product_tag","embeddable":true,"href":"https:\/\/megapelican.com\/si\/wp-json\/wp\/v2\/product_tag?post=27733"}],"curies":[{"name":"wp","href":"https:\/\/api.w.org\/{rel}","templated":true}]}}