{"id":27444,"date":"2022-06-09T12:52:40","date_gmt":"2022-06-09T10:52:40","guid":{"rendered":"https:\/\/s-mania.si\/izdelek\/elastika-za-volumen-las-bunscrunch\/"},"modified":"2024-03-02T18:36:30","modified_gmt":"2024-03-02T17:36:30","slug":"elastika-za-volumen-las-bunscrunch","status":"publish","type":"product","link":"https:\/\/megapelican.com\/si\/izdelek\/elastika-za-volumen-las-bunscrunch\/","title":{"rendered":"Elastika za volumen las BunScrunch"},"content":{"rendered":"<div class=\"smania_landing_description_title\">NOVO! Elastika za volumen las BunScrunch<\/div>\n<div class=\"smania_landing_description_txt\">Elastika za lase, ki jo potrebuje vsaka kraljica!<\/div>\n<div class=\"smania_landing_description_subtitle\">Pripravite se, saj vas bo BunScrunch elastika za volumen las naravnost obnorela. Lase spnite v figo na \u017eeleni vi\u0161ini, nanjo namestite elastiko in ustvarite popoln videz neurejene fige. Tako preprosto je!<\/div>\n<div class=\"smania_landing_description_list\">\n<ul>\n<li>Ustvari naraven videz neurejene fige<\/li>\n<li>Enostavna za uporabo \u2013 tako kot vsaka elastika<\/li>\n<li>Ne po\u0161koduje las<\/li>\n<li>Primerna za pranje in oblikovanje<\/li>\n<li>Na voljo v 4 barvah<\/li>\n<\/ul><\/div>\n","protected":false},"excerpt":{"rendered":"<p>Pripomo\u010dek za lase, ki ga preprosto morate imeti|Odli\u010dna za vse vrste las|Enostavna uporaba|Primerna za kodranje in ravnanje|Perite ro\u010dno in su\u0161ite na zraku|Odporna na visoke temperature|Na voljo v 4 barvah|Material: sinteti\u010dna vlakna<\/p>\n","protected":false},"featured_media":27441,"template":"","meta":{"_acf_changed":false},"product_cat":[19],"product_tag":[503,320],"acf":[],"_links":{"self":[{"href":"https:\/\/megapelican.com\/si\/wp-json\/wp\/v2\/product\/27444"}],"collection":[{"href":"https:\/\/megapelican.com\/si\/wp-json\/wp\/v2\/product"}],"about":[{"href":"https:\/\/megapelican.com\/si\/wp-json\/wp\/v2\/types\/product"}],"wp:featuredmedia":[{"embeddable":true,"href":"https:\/\/megapelican.com\/si\/wp-json\/wp\/v2\/media\/27441"}],"wp:attachment":[{"href":"https:\/\/megapelican.com\/si\/wp-json\/wp\/v2\/media?parent=27444"}],"wp:term":[{"taxonomy":"product_cat","embeddable":true,"href":"https:\/\/megapelican.com\/si\/wp-json\/wp\/v2\/product_cat?post=27444"},{"taxonomy":"product_tag","embeddable":true,"href":"https:\/\/megapelican.com\/si\/wp-json\/wp\/v2\/product_tag?post=27444"}],"curies":[{"name":"wp","href":"https:\/\/api.w.org\/{rel}","templated":true}]}}