{"id":27316,"date":"2022-06-08T06:30:58","date_gmt":"2022-06-08T04:30:58","guid":{"rendered":"https:\/\/s-mania.si\/izdelek\/prenosna-podloga-za-piknik-relaxnow\/"},"modified":"2026-01-03T12:54:45","modified_gmt":"2026-01-03T11:54:45","slug":"prenosna-podloga-za-piknik-relaxnow","status":"publish","type":"product","link":"https:\/\/megapelican.com\/si\/izdelek\/prenosna-podloga-za-piknik-relaxnow\/","title":{"rendered":"Prenosna podloga za na pla\u017eo RelaxNow"},"content":{"rendered":"<div class=\"smania_landing_description_title\">NOVO! Prenosna podloga za na pla\u017eo RelaxNow<\/div>\n<div class=\"smania_landing_description_txt\">Privo\u0161\u010dite si udobje med le\u017eanjem na pla\u017ei!<\/div>\n<div class=\"smania_landing_description_subtitle\">U\u017eivajte v vseh u\u017eitkih, ki jih ponuja pla\u017ea in se ne pustite motiti pesku ali vodi. Izberite vodoodporno podlogo ali pa se odlo\u010dite za podlogo, ki je odporna na pesek, in se podajte v poletje dogodiv\u0161\u010din in zabave!<\/div>\n<div class=\"smania_landing_description_list\">\n<ul>\n<li>Prenosen in kompakten dizajn za la\u017eje shranjevanje <\/li>\n<li>Narejena iz izjemno vzdr\u017eljivega TPU in poliestra za vsakodnevno rabo<\/li>\n<li>Prilo\u017eeni so 4 zati\u010di za pritrditev podloge na mesto <\/li>\n<li>Odli\u010dna za kampiranje, dogodiv\u0161\u010dine na pla\u017ei ali igro <\/li>\n<li>Z enim potegom se znebite mote\u010dega peska<\/li>\n<\/ul><\/div>\n","protected":false},"excerpt":{"rendered":"<p>Dovolj velika za vso dru\u017eino|V hipu se znebite mote\u010dega peska|Vodoodbojna prevleka|Lahka in trpe\u017ena |Za notranjo in zunanjo uporabo |Tkanina, odporna na praske|Zlo\u017eljiva in lahko prenosljiva|4 prilo\u017eeni zati\u010di |Enostavno \u010di\u0161\u010denje|Material: poliester in TPU<\/p>\n","protected":false},"featured_media":65825,"template":"","meta":{"_acf_changed":false},"product_cat":[956,21],"product_tag":[314],"acf":[],"_links":{"self":[{"href":"https:\/\/megapelican.com\/si\/wp-json\/wp\/v2\/product\/27316"}],"collection":[{"href":"https:\/\/megapelican.com\/si\/wp-json\/wp\/v2\/product"}],"about":[{"href":"https:\/\/megapelican.com\/si\/wp-json\/wp\/v2\/types\/product"}],"wp:featuredmedia":[{"embeddable":true,"href":"https:\/\/megapelican.com\/si\/wp-json\/wp\/v2\/media\/65825"}],"wp:attachment":[{"href":"https:\/\/megapelican.com\/si\/wp-json\/wp\/v2\/media?parent=27316"}],"wp:term":[{"taxonomy":"product_cat","embeddable":true,"href":"https:\/\/megapelican.com\/si\/wp-json\/wp\/v2\/product_cat?post=27316"},{"taxonomy":"product_tag","embeddable":true,"href":"https:\/\/megapelican.com\/si\/wp-json\/wp\/v2\/product_tag?post=27316"}],"curies":[{"name":"wp","href":"https:\/\/api.w.org\/{rel}","templated":true}]}}