{"id":26336,"date":"2022-05-12T06:55:26","date_gmt":"2022-05-12T04:55:26","guid":{"rendered":"https:\/\/s-mania.si\/izdelek\/kroglice-za-ukoreninjanje-rastlin-growball\/"},"modified":"2024-04-26T15:18:18","modified_gmt":"2024-04-26T13:18:18","slug":"kroglice-za-ukoreninjanje-rastlin-growball","status":"publish","type":"product","link":"https:\/\/megapelican.com\/si\/izdelek\/kroglice-za-ukoreninjanje-rastlin-growball\/","title":{"rendered":"Kroglice za razmno\u017eevanje rastlin GrowBall"},"content":{"rendered":"<div class=\"smania_landing_description_title\">NOVO! Klonirajte rastline varno in enostavno<\/div>\n<div class=\"smania_landing_description_txt\">Namno\u017eite svoje vrtne \u010dude\u017ee v le nekaj tednih!<\/div>\n<div class=\"smania_landing_description_subtitle\">Kratek opis: Predstavljamo GrowBall, visokotla\u010dno kroglico za razmno\u017eevanje, ki za vrtnarske navdu\u0161ence predstavlja revolucijo v kloniranju rastlin. Razmno\u017eite rastline, ne da bi ovirali njihovo naravno rast, in z lahkoto ustvarite cveto\u010d, obilen vrt. Izkusite \u010darobni u\u010dinek plastenja zraka in o\u017eivite svoj vrt s kroglicami GrowBall!<\/div>\n<div class=\"smania_landing_description_list\">\n<ul>\n<li>Varno kloniranje \u2013 brez po\u0161kodb mati\u010dnih rastlin<\/li>\n<li>Primerne za notranje in zunanje rastline<\/li>\n<li>Mo\u010dnej\u0161e korenine in hitrej\u0161e dozorevanje<\/li>\n<li>Trpe\u017ena zasnova iz PP plastike za ve\u010dkratno uporabo<\/li>\n<li>Na voljo v treh velikostih: 5, 8 in 12 cm<\/li>\n<\/ul><\/div>\n","protected":false},"excerpt":{"rendered":"<p>Odli\u010dne za vrtnice, vzpenjavke, drevesa in druge rastline|Starodavna metoda plastenja zraka za u\u010dinkovito kloniranje|Rezultati razmno\u017eevanja so vidni \u017ee v 6\u20138 tednih|Varne varnostne klju\u010davnice za stabilno razmno\u017eevanje|Okolju prijazne \u2013 brez uporabe kemikalij|Prihranite denar z razmno\u017eevanjem rastlin|Idealne za vrtnarje in ljubitelje rastlin|Vzgojite rastline, ki se te\u017eko ukoreninijo, npr. magnolijo in kamelijo|Enostavno raz\u0161irite svoj vrt|Navdu\u0161ite obiskovalce s svojim bujnim, \u017eivahnim vrtom|Koli\u010dina: 5 kosov|Premer kroglice (cm): 5 (S), 8 (M), 12 (L)<\/p>\n","protected":false},"featured_media":57651,"template":"","meta":{"_acf_changed":false},"product_cat":[16,908],"product_tag":[258],"acf":[],"_links":{"self":[{"href":"https:\/\/megapelican.com\/si\/wp-json\/wp\/v2\/product\/26336"}],"collection":[{"href":"https:\/\/megapelican.com\/si\/wp-json\/wp\/v2\/product"}],"about":[{"href":"https:\/\/megapelican.com\/si\/wp-json\/wp\/v2\/types\/product"}],"wp:featuredmedia":[{"embeddable":true,"href":"https:\/\/megapelican.com\/si\/wp-json\/wp\/v2\/media\/57651"}],"wp:attachment":[{"href":"https:\/\/megapelican.com\/si\/wp-json\/wp\/v2\/media?parent=26336"}],"wp:term":[{"taxonomy":"product_cat","embeddable":true,"href":"https:\/\/megapelican.com\/si\/wp-json\/wp\/v2\/product_cat?post=26336"},{"taxonomy":"product_tag","embeddable":true,"href":"https:\/\/megapelican.com\/si\/wp-json\/wp\/v2\/product_tag?post=26336"}],"curies":[{"name":"wp","href":"https:\/\/api.w.org\/{rel}","templated":true}]}}