{"id":23020,"date":"2022-02-14T07:08:42","date_gmt":"2022-02-14T06:08:42","guid":{"rendered":"https:\/\/s-mania.si\/izdelek\/verizica-ljubezenski-kljuc\/"},"modified":"2024-03-10T02:50:44","modified_gmt":"2024-03-10T01:50:44","slug":"verizica-ljubezenski-kljuc","status":"publish","type":"product","link":"https:\/\/megapelican.com\/si\/izdelek\/verizica-ljubezenski-kljuc\/","title":{"rendered":"Veri\u017eica Ljubezenski Klju\u010d"},"content":{"rendered":"<div class=\"smania_landing_description_title\">Kon\u010dno tukaj! Veri\u017eica Ljubezenski klju\u010d<\/div>\n<div class=\"smania_landing_description_txt\">Poka\u017eite svojo ljubezen s posebnim darilom!<\/div>\n<div class=\"smania_landing_description_subtitle\">Podarite svoji ljubljeni osebi darilo s posebnim pomenom. Na Kitajskem \u0161tevilki 1314 in 520 pomenita ve\u010dno ljubezen. Dve osebi \u2013 eno srce.<\/div>\n<div class=\"smania_landing_description_list\">\n<ul>\n<li>Poseben pomen: dve osebi \u2013 eno srce<\/li>\n<li>Popoln prikaz ljubezni<\/li>\n<li>Visokokakovostni materiali<\/li>\n<li>Primerno za vsako prilo\u017enost<\/li>\n<li>Na voljo 3 barvne mo\u017enosti<\/li>\n<\/ul><\/div>\n","protected":false},"excerpt":{"rendered":"<p>Enkratno darilo za ljubljeno osebo|Lahka in udobna za no\u0161enje|Nosi posebno sporo\u010dilo|Popolno za vsako prilo\u017enost|Dva obeska, dve veri\u017eici|Material: nerjave\u010de jeklo|Dol\u017eina veri\u017eice: 45 + 5 cm|Velikost obeska (zdru\u017eeno): 3,7 \u00d7 3,2 cm<\/p>\n","protected":false},"featured_media":23009,"template":"","meta":{"_acf_changed":false},"product_cat":[831,22,1088],"product_tag":[317,525,320],"acf":[],"_links":{"self":[{"href":"https:\/\/megapelican.com\/si\/wp-json\/wp\/v2\/product\/23020"}],"collection":[{"href":"https:\/\/megapelican.com\/si\/wp-json\/wp\/v2\/product"}],"about":[{"href":"https:\/\/megapelican.com\/si\/wp-json\/wp\/v2\/types\/product"}],"wp:featuredmedia":[{"embeddable":true,"href":"https:\/\/megapelican.com\/si\/wp-json\/wp\/v2\/media\/23009"}],"wp:attachment":[{"href":"https:\/\/megapelican.com\/si\/wp-json\/wp\/v2\/media?parent=23020"}],"wp:term":[{"taxonomy":"product_cat","embeddable":true,"href":"https:\/\/megapelican.com\/si\/wp-json\/wp\/v2\/product_cat?post=23020"},{"taxonomy":"product_tag","embeddable":true,"href":"https:\/\/megapelican.com\/si\/wp-json\/wp\/v2\/product_tag?post=23020"}],"curies":[{"name":"wp","href":"https:\/\/api.w.org\/{rel}","templated":true}]}}