{"id":19188,"date":"2021-12-06T11:33:48","date_gmt":"2021-12-06T10:33:48","guid":{"rendered":"https:\/\/s-mania.si\/izdelek\/3d-zvezda-za-bozicno-drevo\/"},"modified":"2024-01-04T22:09:14","modified_gmt":"2024-01-04T21:09:14","slug":"3d-zvezda-za-bozicno-drevo","status":"publish","type":"product","link":"https:\/\/megapelican.com\/si\/izdelek\/3d-zvezda-za-bozicno-drevo\/","title":{"rendered":"3D zvezda za bo\u017ei\u010dno drevo"},"content":{"rendered":"<div class=\"smania_landing_description_title\">\u010carobno!\ud83c\udf84\ud83c\udf87 3D zvezda za bo\u017ei\u010dno drevo<\/div>\n<div class=\"smania_landing_description_txt\">Va\u0161e bo\u017ei\u010dno drevo si zaslu\u017ei najlep\u0161o zvezdo!<\/div>\n<div class=\"smania_landing_description_subtitle\">Leto\u0161nje bo\u017ei\u010dne praznike pre\u017eivite ob ob\u010dudovanju najlep\u0161ega drevesa, ki ste ga kadarkoli okrasili. 3D zvezda bo ogrela vzdu\u0161je v va\u0161em domu in prijetno presenetila va\u0161e goste.<\/div>\n<div class=\"smania_landing_description_list\">\n<ul>\n<li>\u010cudovita tridimenzionalna zvezda, ki bo v va\u0161 dom vnesla \u010darobnost<\/li>\n<li>Izdelana iz visokokakovostnih materialov, prekrita z ble\u0161\u010dicami<\/li>\n<li>Nastavljiva notranja \u017earnica LED na stene in strop projicira sne\u017einke<\/li>\n<li>Ta izjemen okrasek bo pika na i va\u0161ega bo\u017ei\u010dnega drevesca in vam ogrela srce<\/li>\n<\/ul>\n<\/div>\n","protected":false},"excerpt":{"rendered":"<p>Idealna za uporabo v zaprtih prostorih|Razpon projiciranja: 2\u20135 m\u00b2|Bolj kot je oddaljena od stropa, ve\u010dje je obmo\u010dje projiciranja|Ustvari romanti\u010dno in prijetno vzdu\u0161je|Na voljo v zlati in srebrni barvi|Material: ABS, plastika |Velikost: 27 \u00d7 28 \u00d7 12 cm|Dol\u017eina kabla: 2,4 metra<\/p>\n","protected":false},"featured_media":19182,"template":"","meta":{"_acf_changed":false},"product_cat":[834,874,1269,23],"product_tag":[261],"acf":[],"_links":{"self":[{"href":"https:\/\/megapelican.com\/si\/wp-json\/wp\/v2\/product\/19188"}],"collection":[{"href":"https:\/\/megapelican.com\/si\/wp-json\/wp\/v2\/product"}],"about":[{"href":"https:\/\/megapelican.com\/si\/wp-json\/wp\/v2\/types\/product"}],"wp:featuredmedia":[{"embeddable":true,"href":"https:\/\/megapelican.com\/si\/wp-json\/wp\/v2\/media\/19182"}],"wp:attachment":[{"href":"https:\/\/megapelican.com\/si\/wp-json\/wp\/v2\/media?parent=19188"}],"wp:term":[{"taxonomy":"product_cat","embeddable":true,"href":"https:\/\/megapelican.com\/si\/wp-json\/wp\/v2\/product_cat?post=19188"},{"taxonomy":"product_tag","embeddable":true,"href":"https:\/\/megapelican.com\/si\/wp-json\/wp\/v2\/product_tag?post=19188"}],"curies":[{"name":"wp","href":"https:\/\/api.w.org\/{rel}","templated":true}]}}